{"id":209,"date":"2019-10-11T22:40:52","date_gmt":"2019-10-11T20:40:52","guid":{"rendered":"https:\/\/bibliothek.thomasius.net\/?page_id=209"},"modified":"2019-11-17T22:03:59","modified_gmt":"2019-11-17T21:03:59","slug":"nutzungsbedingungen","status":"publish","type":"page","link":"https:\/\/bibliothek.thomasius.net\/index.php\/impressum\/nutzungsbedingungen\/","title":{"rendered":"Nutzungsbedingungen"},"content":{"rendered":"<p>Jeder kann diese Webseiten nutzen.<br \/>\nDigitale Dokumente k\u00f6nnen nur von registrierten Benutzern, die sich angemeldet haben, herunter geladen werden.<\/p>\n<p>Es gilt das Urheberrecht. Zitate m\u00fcssen mit dem Namen des Urhebers (Prof. Dr. Dr. Thomasius) und der Quelle gekennzeichnet werden.<\/p>\n<p>Nur registrierte Nutzer k\u00f6nnen sich anmelden. Erst dann k\u00f6nnen digitale Dokumente herunter geladen werden.<\/p>\n<p>Registrieren Sie sich, dann akzeptieren Sie, dass wir Ihre pers\u00f6nlichen Daten Vorname, Nachname, E-Mail-Adresse und Anmeldename speichern, bis sie erkl\u00e4ren, Sie wollen nicht mehr registriert sein. Dann l\u00f6schen wir alle personenbezogenen Daten. Ein E-Mail an <a href=\"mailto:info@bibliothek.thomasius.net\">info@bibliothek.thomasius.net<\/a> gen\u00fcgt.<\/p>\n<p>Oder Sie w\u00e4hlen Ihre Profilseite, dort finden Sie einen Men\u00fcpunkt zum L\u00f6schen Ihres Profils. Sie werden dabei aufgefordert Ihr Passwort einzugeben. Dann werden ihre pers\u00f6nlichen Daten gel\u00f6scht.<\/p>\n<p>&nbsp;<\/p>\n","protected":false},"excerpt":{"rendered":"<p>Jeder kann diese Webseiten nutzen. Digitale Dokumente k\u00f6nnen nur von registrierten Benutzern, die sich angemeldet haben, herunter geladen werden. Es gilt das Urheberrecht. Zitate m\u00fcssen mit dem Namen des Urhebers (Prof. Dr. Dr. Thomasius) und der Quelle gekennzeichnet werden. Nur registrierte Nutzer k\u00f6nnen sich anmelden. Erst dann k\u00f6nnen digitale Dokumente herunter geladen werden. Registrieren Sie [&hellip;]<\/p>\n","protected":false},"author":2,"featured_media":0,"parent":84,"menu_order":0,"comment_status":"closed","ping_status":"closed","template":"","meta":{"footnotes":""},"class_list":["post-209","page","type-page","status-publish","hentry"],"_links":{"self":[{"href":"https:\/\/bibliothek.thomasius.net\/index.php\/wp-json\/wp\/v2\/pages\/209","targetHints":{"allow":["GET"]}}],"collection":[{"href":"https:\/\/bibliothek.thomasius.net\/index.php\/wp-json\/wp\/v2\/pages"}],"about":[{"href":"https:\/\/bibliothek.thomasius.net\/index.php\/wp-json\/wp\/v2\/types\/page"}],"author":[{"embeddable":true,"href":"https:\/\/bibliothek.thomasius.net\/index.php\/wp-json\/wp\/v2\/users\/2"}],"replies":[{"embeddable":true,"href":"https:\/\/bibliothek.thomasius.net\/index.php\/wp-json\/wp\/v2\/comments?post=209"}],"version-history":[{"count":6,"href":"https:\/\/bibliothek.thomasius.net\/index.php\/wp-json\/wp\/v2\/pages\/209\/revisions"}],"predecessor-version":[{"id":374,"href":"https:\/\/bibliothek.thomasius.net\/index.php\/wp-json\/wp\/v2\/pages\/209\/revisions\/374"}],"up":[{"embeddable":true,"href":"https:\/\/bibliothek.thomasius.net\/index.php\/wp-json\/wp\/v2\/pages\/84"}],"wp:attachment":[{"href":"https:\/\/bibliothek.thomasius.net\/index.php\/wp-json\/wp\/v2\/media?parent=209"}],"curies":[{"name":"wp","href":"https:\/\/api.w.org\/{rel}","templated":true}]}}