{"id":6,"date":"2019-09-29T22:24:57","date_gmt":"2019-09-29T20:24:57","guid":{"rendered":"https:\/\/bibliothek.thomasius.net\/?page_id=6"},"modified":"2019-11-17T22:02:09","modified_gmt":"2019-11-17T21:02:09","slug":"thomasius-bibliothek","status":"publish","type":"page","link":"https:\/\/bibliothek.thomasius.net\/","title":{"rendered":"Bibliothek Thomasius"},"content":{"rendered":"\r\n<p>Diese Website befindet sich im Aufbau.<\/p>\r\n<p>Bibliothekarischer und schriftlicher Nachlass<br \/>von Prof. Dr. rer. silv. habil. Dr. h.c. Harald Thomasius<\/p>\r\n\r\n\r\n\r\n<p>Prof. Dr. rer. silv. habil. Dr. h.c. Harald Thomasius (* 05.08.1930 &#8211; \u2020 24.11.2017) hat eine umfangreiche Bibliothek und eine F\u00fclle von Manuskripten, viele auch als Computerdatei, hinterlassen.<\/p>\r\n<p>Die Bibliothek enth\u00e4lt B\u00fccher, Briefe, Drucksachen, Karten und andere ausdruckbare Materialien. Ein Katalog dient zur Recherche.\u00a0<br \/>Digital vorhandenen Dokumente aus dem Nachlass k\u00f6nnen als PDF-Dateien nach einer Registrierung und Anmeldung herunter geladen werden.<\/p>\r\n<p>F\u00fcr alle Interessierte steht die Bibliothek zur Nutzung in Sohra zur Verf\u00fcgung.<br \/>Download digitaler Medien nur f\u00fcr registrierte Nutzer. Erst registrieren dann anmelden.<\/p>\r\n\t\t<div class=\"mdocs\">\n\t\t\t\t\t<div class=\"mdocs-wrap\">\n\t\t\t<div class=\"mdocs-admin-preview\"><\/div>\n\t\t\t\t\t\t<div class=\"mdocs-development-warning\"><\/div>\n\t\t\t<div class=\"mdoc-navbar-container\">\n\t\t\t\t\t\t\t<\/div>\n\t\t<\/div>\n\t\t<div class=\"mdocs-container\"><table class=\"table table-hover table-condensed\" id=\"mdocs-list-table\">\t<thead>\n\t\t<tr>\n\t\t\t\t\t\t\t<th class=\"mdocs-name mdocs-sort-option\" data-folder=\"mdocs-cat-3\" data-sort=\"name\" data-sort-type=\"desc\" data-current-sort=\"modified\" data-current-sort-type=\"desc\" data-is-dashboard=\"\" data-hide-folder=\"\" data-hide-main-folder=\"\" >Name<\/th>\n\t\t\t\t\t\t\t\t\t<th class=\"mdocs-description mdocs-sort-option\" data-folder=\"mdocs-cat-3\" data-sort=\"description\" data-sort-type=\"desc\" data-current-sort=\"modified\" data-current-sort-type=\"desc\" data-is-dashboard=\"\" data-hide-folder=\"\" data-hide-main-folder=\"\" >Beschreibung<\/th>\n\t\t\t\t\t\t\t\t\t<th class=\"mdocs-download mdocs-sort-option\" data-folder=\"mdocs-cat-3\" data-sort=\"download\" data-sort-type=\"desc\" data-current-sort=\"modified\" data-current-sort-type=\"desc\" data-is-dashboard=\"\" data-hide-folder=\"\" data-hide-main-folder=\"\" >Download<\/th>\n\t\t\t\t\t\t\t\t\t<th class=\"mdocs-file-size mdocs-sort-option\" data-folder=\"mdocs-cat-3\" data-sort=\"file-size\" data-sort-type=\"desc\" data-current-sort=\"modified\" data-current-sort-type=\"desc\" data-is-dashboard=\"\" data-hide-folder=\"\" data-hide-main-folder=\"\" >Dateigr\u00f6\u00dfe<\/th>\n\t\t\t\t\t\t\t\t\t<th class=\"mdocs-file-type mdocs-sort-option\" data-folder=\"mdocs-cat-3\" data-sort=\"file-type\" data-sort-type=\"desc\" data-current-sort=\"modified\" data-current-sort-type=\"desc\" data-is-dashboard=\"\" data-hide-folder=\"\" data-hide-main-folder=\"\" >Dateityp<\/th>\n\t\t\t\t\t<\/tr>\n\t\t<\/thead>\n\t\n\t\t<tr class=\"mdocs-current-cat\" >\n\t\t\t<td colspan=\"6\" id=\"title\" class=\"mdocs-tooltip\">\n\t\t\t\t<b class=\"text-muted\"><i class=\"fas fa-folder-open\" aria-hidden=\"true\"><\/i> Bibliothek<\/b>\n\t\t\t<\/td>\n\t\t<\/tr>\n\t\t\t<tr class=\"mdocs-sub-cats\" >\n\t\t\t\t<td colspan=\"6\" id=\"title\" class=\"mdocs-tooltip\">\n\t\t\t\t\t&emsp;&emsp;<a class=\"mdocs-folders\" data-folder=\"mdocs-cat-1\" data-sort=\"modified\" data-sort-type=\"desc\" data-current-sort=\"modified\" data-current-sort-type=\"desc\" data-is-dashboard=\"\" data-is-folder=\"true\" data-hide-folder=\"\" data-hide-main-folder=\"\" ><i class=\"fas fa-folder\" aria-hidden=\"true\"><\/i> Katalog<\/a>\n\t\t\t\t<\/td>\n\t\t\t<\/tr>\n\t\t\t<tr class=\"mdocs-sub-cats\" >\n\t\t\t\t<td colspan=\"6\" id=\"title\" class=\"mdocs-tooltip\">\n\t\t\t\t\t&emsp;&emsp;<a class=\"mdocs-folders\" data-folder=\"mdocs-cat-2\" data-sort=\"modified\" data-sort-type=\"desc\" data-current-sort=\"modified\" data-current-sort-type=\"desc\" data-is-dashboard=\"\" data-is-folder=\"true\" data-hide-folder=\"\" data-hide-main-folder=\"\" ><i class=\"fas fa-folder\" aria-hidden=\"true\"><\/i> Digitale Medien<\/a>\n\t\t\t\t<\/td>\n\t\t\t<\/tr><tr><td colspan=\"6\"><p class=\"mdocs-nofiles\" >Keine Dateien in diesem Ordner gefunden.<\/p><\/td><\/tr><\/table><\/div><\/div>\r\n","protected":false},"excerpt":{"rendered":"<p>Diese Website befindet sich im Aufbau. Bibliothekarischer und schriftlicher Nachlassvon Prof. Dr. rer. silv. habil. Dr. h.c. Harald Thomasius Prof. Dr. rer. silv. habil. Dr. h.c. Harald Thomasius (* 05.08.1930 &#8211; \u2020 24.11.2017) hat eine umfangreiche Bibliothek und eine F\u00fclle von Manuskripten, viele auch als Computerdatei, hinterlassen. Die Bibliothek enth\u00e4lt B\u00fccher, Briefe, Drucksachen, Karten und [&hellip;]<\/p>\n","protected":false},"author":2,"featured_media":0,"parent":0,"menu_order":1,"comment_status":"closed","ping_status":"closed","template":"","meta":{"footnotes":""},"class_list":["post-6","page","type-page","status-publish","hentry"],"_links":{"self":[{"href":"https:\/\/bibliothek.thomasius.net\/index.php\/wp-json\/wp\/v2\/pages\/6","targetHints":{"allow":["GET"]}}],"collection":[{"href":"https:\/\/bibliothek.thomasius.net\/index.php\/wp-json\/wp\/v2\/pages"}],"about":[{"href":"https:\/\/bibliothek.thomasius.net\/index.php\/wp-json\/wp\/v2\/types\/page"}],"author":[{"embeddable":true,"href":"https:\/\/bibliothek.thomasius.net\/index.php\/wp-json\/wp\/v2\/users\/2"}],"replies":[{"embeddable":true,"href":"https:\/\/bibliothek.thomasius.net\/index.php\/wp-json\/wp\/v2\/comments?post=6"}],"version-history":[{"count":21,"href":"https:\/\/bibliothek.thomasius.net\/index.php\/wp-json\/wp\/v2\/pages\/6\/revisions"}],"predecessor-version":[{"id":373,"href":"https:\/\/bibliothek.thomasius.net\/index.php\/wp-json\/wp\/v2\/pages\/6\/revisions\/373"}],"wp:attachment":[{"href":"https:\/\/bibliothek.thomasius.net\/index.php\/wp-json\/wp\/v2\/media?parent=6"}],"curies":[{"name":"wp","href":"https:\/\/api.w.org\/{rel}","templated":true}]}}