{"id":84,"date":"2019-10-06T23:02:15","date_gmt":"2019-10-06T21:02:15","guid":{"rendered":"https:\/\/bibliothek.thomasius.net\/?page_id=84"},"modified":"2019-10-30T22:14:24","modified_gmt":"2019-10-30T21:14:24","slug":"impressum","status":"publish","type":"page","link":"https:\/\/bibliothek.thomasius.net\/index.php\/impressum\/","title":{"rendered":"Impressum"},"content":{"rendered":"<h2>Angaben gem\u00e4\u00df \u00a7 5 TMG<\/h2>\n<p>Hubertus Thomasius<br \/>\nFranz-Stenzer-Str. 15<br \/>\n12679 Berlin<\/p>\n<h2>Kontakt<\/h2>\n<p>Telefon: +49 162 4930800<br \/>\nE-Mail: info@bibliothek.thomasius.net<\/p>\n<h2>Verantwortlich f\u00fcr den Inhalt nach \u00a7 55 Abs. 2 RStV<\/h2>\n<p>Hubertus Thomasius<br \/>\nFranz-Stenzer-Str. 15<br \/>\n12679 Berlin<\/p>\n<h3>Haftung f\u00fcr Inhalte<\/h3>\n<p>Als Diensteanbieter sind wir gem\u00e4\u00df \u00a7 7 Abs.1 TMG f\u00fcr eigene Inhalte auf diesen Seiten nach den allgemeinen Gesetzen verantwortlich. Nach \u00a7\u00a7 8 bis 10 TMG sind wir als Diensteanbieter jedoch nicht verpflichtet, \u00fcbermittelte oder gespeicherte fremde Informationen zu \u00fcberwachen oder nach Umst\u00e4nden zu forschen, die auf eine rechtswidrige T\u00e4tigkeit hinweisen.<\/p>\n<p>Verpflichtungen zur Entfernung oder Sperrung der Nutzung von Informationen nach den allgemeinen Gesetzen bleiben hiervon unber\u00fchrt. Eine diesbez\u00fcgliche Haftung ist jedoch erst ab dem Zeitpunkt der Kenntnis einer konkreten Rechtsverletzung m\u00f6glich. Bei Bekanntwerden von entsprechenden Rechtsverletzungen werden wir diese Inhalte umgehend entfernen.<\/p>\n<h3>Haftung f\u00fcr Links<\/h3>\n<p>Unser Angebot enth\u00e4lt Links zu externen Websites Dritter, auf deren Inhalte wir keinen Einfluss haben. Deshalb k\u00f6nnen wir f\u00fcr diese fremden Inhalte auch keine Gew\u00e4hr \u00fcbernehmen. F\u00fcr die Inhalte der verlinkten Seiten ist stets der jeweilige Anbieter oder Betreiber der Seiten verantwortlich. Die verlinkten Seiten wurden zum Zeitpunkt der Verlinkung auf m\u00f6gliche Rechtsverst\u00f6\u00dfe \u00fcberpr\u00fcft. Rechtswidrige Inhalte waren zum Zeitpunkt der Verlinkung nicht erkennbar.<\/p>\n<p>Eine permanente inhaltliche Kontrolle der verlinkten Seiten ist jedoch ohne konkrete Anhaltspunkte einer Rechtsverletzung nicht zumutbar. Bei Bekanntwerden von Rechtsverletzungen werden wir derartige Links umgehend entfernen.<\/p>\n<h3>Urheberrecht<\/h3>\n<p>Die durch die Seitenbetreiber erstellten Inhalte und Werke auf diesen Seiten unterliegen dem deutschen Urheberrecht. Die Vervielf\u00e4ltigung, Bearbeitung, Verbreitung und jede Art der Verwertung au\u00dferhalb der Grenzen des Urheberrechtes bed\u00fcrfen der schriftlichen Zustimmung des jeweiligen Autors bzw. Erstellers. Downloads und Kopien dieser Seite sind nur f\u00fcr den privaten, nicht kommerziellen Gebrauch gestattet.<\/p>\n<p>Soweit die Inhalte auf dieser Seite nicht vom Betreiber erstellt wurden, werden die Urheberrechte Dritter beachtet. Insbesondere werden Inhalte Dritter als solche gekennzeichnet. Sollten Sie trotzdem auf eine Urheberrechtsverletzung aufmerksam werden, bitten wir um einen entsprechenden Hinweis. Bei Bekanntwerden von Rechtsverletzungen werden wir derartige Inhalte umgehend entfernen.<\/p>\n<p>Fotos: Wenn am Foto keine Angaben \u00fcber den Urheber\/Rechteinhaber ist, dann Prof. Dr. Harald Thomasius<\/p>\n<p>Alle Urheberrechte liegen bei Prof. Dr. rer. silv. habil. Dr. h.c. Harald Thomasius, der Erbengemeinschaft und wird durch den Beauftragten verwaltet.<\/p>\n","protected":false},"excerpt":{"rendered":"<p>Angaben gem\u00e4\u00df \u00a7 5 TMG Hubertus Thomasius Franz-Stenzer-Str. 15 12679 Berlin Kontakt Telefon: +49 162 4930800 E-Mail: info@bibliothek.thomasius.net Verantwortlich f\u00fcr den Inhalt nach \u00a7 55 Abs. 2 RStV Hubertus Thomasius Franz-Stenzer-Str. 15 12679 Berlin Haftung f\u00fcr Inhalte Als Diensteanbieter sind wir gem\u00e4\u00df \u00a7 7 Abs.1 TMG f\u00fcr eigene Inhalte auf diesen Seiten nach den allgemeinen [&hellip;]<\/p>\n","protected":false},"author":2,"featured_media":0,"parent":0,"menu_order":10,"comment_status":"closed","ping_status":"closed","template":"","meta":{"footnotes":""},"class_list":["post-84","page","type-page","status-publish","hentry"],"_links":{"self":[{"href":"https:\/\/bibliothek.thomasius.net\/index.php\/wp-json\/wp\/v2\/pages\/84","targetHints":{"allow":["GET"]}}],"collection":[{"href":"https:\/\/bibliothek.thomasius.net\/index.php\/wp-json\/wp\/v2\/pages"}],"about":[{"href":"https:\/\/bibliothek.thomasius.net\/index.php\/wp-json\/wp\/v2\/types\/page"}],"author":[{"embeddable":true,"href":"https:\/\/bibliothek.thomasius.net\/index.php\/wp-json\/wp\/v2\/users\/2"}],"replies":[{"embeddable":true,"href":"https:\/\/bibliothek.thomasius.net\/index.php\/wp-json\/wp\/v2\/comments?post=84"}],"version-history":[{"count":12,"href":"https:\/\/bibliothek.thomasius.net\/index.php\/wp-json\/wp\/v2\/pages\/84\/revisions"}],"predecessor-version":[{"id":281,"href":"https:\/\/bibliothek.thomasius.net\/index.php\/wp-json\/wp\/v2\/pages\/84\/revisions\/281"}],"wp:attachment":[{"href":"https:\/\/bibliothek.thomasius.net\/index.php\/wp-json\/wp\/v2\/media?parent=84"}],"curies":[{"name":"wp","href":"https:\/\/api.w.org\/{rel}","templated":true}]}}