{"id":99,"date":"2019-10-08T11:23:19","date_gmt":"2019-10-08T09:23:19","guid":{"rendered":"https:\/\/bibliothek.thomasius.net\/?page_id=99"},"modified":"2019-10-26T18:21:09","modified_gmt":"2019-10-26T16:21:09","slug":"digitale-dokumente","status":"publish","type":"page","link":"https:\/\/bibliothek.thomasius.net\/index.php\/thomasius-bibliothek\/digitale-dokumente\/","title":{"rendered":"Digitale Dokumente"},"content":{"rendered":"<p>Dokumente, die nur digital (PDF) vorliegen.<\/p>\n<p><strong>Kategorien<\/strong><\/p>\n<ul>\n<li><a href=\"https:\/\/bibliothek.thomasius.net\/index.php\/thomasius-bibliothek\/digitale-dokumente\/allgemeine-geschichte\/\">Allgemeine Geschichte<\/a><\/li>\n<li><a href=\"https:\/\/bibliothek.thomasius.net\/index.php\/thomasius-bibliothek\/digitale-dokumente\/personen\/\">Personen<\/a><\/li>\n<li><a href=\"https:\/\/bibliothek.thomasius.net\/index.php\/thomasius-bibliothek\/digitale-dokumente\/saechsische-forstgeschichte-bis-carlowitz\/\">S\u00e4chsische Forstgeschichte bis Carlowitz<\/a><\/li>\n<li><a href=\"https:\/\/bibliothek.thomasius.net\/index.php\/thomasius-bibliothek\/digitale-dokumente\/saechsische-forstgeschichte-von-carlowitz-bis-cotta\/\">S\u00e4chsische Forstgeschichte von Carlowitz bis Cotta<\/a><\/li>\n<li><a href=\"https:\/\/bibliothek.thomasius.net\/index.php\/thomasius-bibliothek\/digitale-dokumente\/saechsische-forstgeschichte-nach-cotta\/\">S\u00e4chsische Forstgeschichte nach Cotta<\/a><\/li>\n<\/ul>\n\t\t<div class=\"mdocs\">\n\t\t\t\t\t<div class=\"mdocs-wrap\">\n\t\t\t<div class=\"mdocs-admin-preview\"><\/div>\n\t\t\t\t\t\t<div class=\"mdocs-development-warning\"><\/div>\n\t\t\t<div class=\"mdoc-navbar-container\">\n\t\t\t\t\t\t\t<\/div>\n\t\t<\/div>\n\t\t<div class=\"mdocs-container\"><table class=\"table table-hover table-condensed\" id=\"mdocs-list-table\">\t<thead>\n\t\t<tr>\n\t\t\t\t\t\t\t<th class=\"mdocs-name mdocs-sort-option\" data-folder=\"mdocs-cat-3\" data-sort=\"name\" data-sort-type=\"desc\" data-current-sort=\"modified\" data-current-sort-type=\"desc\" data-is-dashboard=\"\" data-hide-folder=\"\" data-hide-main-folder=\"\" >Name<\/th>\n\t\t\t\t\t\t\t\t\t<th class=\"mdocs-description mdocs-sort-option\" data-folder=\"mdocs-cat-3\" data-sort=\"description\" data-sort-type=\"desc\" data-current-sort=\"modified\" data-current-sort-type=\"desc\" data-is-dashboard=\"\" data-hide-folder=\"\" data-hide-main-folder=\"\" >Beschreibung<\/th>\n\t\t\t\t\t\t\t\t\t<th class=\"mdocs-download mdocs-sort-option\" data-folder=\"mdocs-cat-3\" data-sort=\"download\" data-sort-type=\"desc\" data-current-sort=\"modified\" data-current-sort-type=\"desc\" data-is-dashboard=\"\" data-hide-folder=\"\" data-hide-main-folder=\"\" >Download<\/th>\n\t\t\t\t\t\t\t\t\t<th class=\"mdocs-file-size mdocs-sort-option\" data-folder=\"mdocs-cat-3\" data-sort=\"file-size\" data-sort-type=\"desc\" data-current-sort=\"modified\" data-current-sort-type=\"desc\" data-is-dashboard=\"\" data-hide-folder=\"\" data-hide-main-folder=\"\" >Dateigr\u00f6\u00dfe<\/th>\n\t\t\t\t\t\t\t\t\t<th class=\"mdocs-file-type mdocs-sort-option\" data-folder=\"mdocs-cat-3\" data-sort=\"file-type\" data-sort-type=\"desc\" data-current-sort=\"modified\" data-current-sort-type=\"desc\" data-is-dashboard=\"\" data-hide-folder=\"\" data-hide-main-folder=\"\" >Dateityp<\/th>\n\t\t\t\t\t<\/tr>\n\t\t<\/thead>\n\t\n\t\t<tr class=\"mdocs-current-cat\" >\n\t\t\t<td colspan=\"6\" id=\"title\" class=\"mdocs-tooltip\">\n\t\t\t\t<b class=\"text-muted\"><i class=\"fas fa-folder-open\" aria-hidden=\"true\"><\/i> Bibliothek<\/b>\n\t\t\t<\/td>\n\t\t<\/tr>\n\t\t\t<tr class=\"mdocs-sub-cats\" >\n\t\t\t\t<td colspan=\"6\" id=\"title\" class=\"mdocs-tooltip\">\n\t\t\t\t\t&emsp;&emsp;<a class=\"mdocs-folders\" data-folder=\"mdocs-cat-1\" data-sort=\"modified\" data-sort-type=\"desc\" data-current-sort=\"modified\" data-current-sort-type=\"desc\" data-is-dashboard=\"\" data-is-folder=\"true\" data-hide-folder=\"\" data-hide-main-folder=\"\" ><i class=\"fas fa-folder\" aria-hidden=\"true\"><\/i> Katalog<\/a>\n\t\t\t\t<\/td>\n\t\t\t<\/tr>\n\t\t\t<tr class=\"mdocs-sub-cats\" >\n\t\t\t\t<td colspan=\"6\" id=\"title\" class=\"mdocs-tooltip\">\n\t\t\t\t\t&emsp;&emsp;<a class=\"mdocs-folders\" data-folder=\"mdocs-cat-2\" data-sort=\"modified\" data-sort-type=\"desc\" data-current-sort=\"modified\" data-current-sort-type=\"desc\" data-is-dashboard=\"\" data-is-folder=\"true\" data-hide-folder=\"\" data-hide-main-folder=\"\" ><i class=\"fas fa-folder\" aria-hidden=\"true\"><\/i> Digitale Medien<\/a>\n\t\t\t\t<\/td>\n\t\t\t<\/tr><tr><td colspan=\"6\"><p class=\"mdocs-nofiles\" >Keine Dateien in diesem Ordner gefunden.<\/p><\/td><\/tr><\/table><\/div><\/div>\n","protected":false},"excerpt":{"rendered":"<p>Dokumente, die nur digital (PDF) vorliegen. Kategorien Allgemeine Geschichte Personen S\u00e4chsische Forstgeschichte bis Carlowitz S\u00e4chsische Forstgeschichte von Carlowitz bis Cotta S\u00e4chsische Forstgeschichte nach Cotta<\/p>\n","protected":false},"author":2,"featured_media":0,"parent":6,"menu_order":90,"comment_status":"closed","ping_status":"closed","template":"","meta":{"footnotes":""},"class_list":["post-99","page","type-page","status-publish","hentry"],"_links":{"self":[{"href":"https:\/\/bibliothek.thomasius.net\/index.php\/wp-json\/wp\/v2\/pages\/99","targetHints":{"allow":["GET"]}}],"collection":[{"href":"https:\/\/bibliothek.thomasius.net\/index.php\/wp-json\/wp\/v2\/pages"}],"about":[{"href":"https:\/\/bibliothek.thomasius.net\/index.php\/wp-json\/wp\/v2\/types\/page"}],"author":[{"embeddable":true,"href":"https:\/\/bibliothek.thomasius.net\/index.php\/wp-json\/wp\/v2\/users\/2"}],"replies":[{"embeddable":true,"href":"https:\/\/bibliothek.thomasius.net\/index.php\/wp-json\/wp\/v2\/comments?post=99"}],"version-history":[{"count":13,"href":"https:\/\/bibliothek.thomasius.net\/index.php\/wp-json\/wp\/v2\/pages\/99\/revisions"}],"predecessor-version":[{"id":282,"href":"https:\/\/bibliothek.thomasius.net\/index.php\/wp-json\/wp\/v2\/pages\/99\/revisions\/282"}],"up":[{"embeddable":true,"href":"https:\/\/bibliothek.thomasius.net\/index.php\/wp-json\/wp\/v2\/pages\/6"}],"wp:attachment":[{"href":"https:\/\/bibliothek.thomasius.net\/index.php\/wp-json\/wp\/v2\/media?parent=99"}],"curies":[{"name":"wp","href":"https:\/\/api.w.org\/{rel}","templated":true}]}}